{"id":28,"date":"2022-05-18T09:54:55","date_gmt":"2022-05-18T09:54:55","guid":{"rendered":"https:\/\/hotelgametxo.com\/tienda\/?post_type=product&#038;p=28"},"modified":"2025-02-19T18:58:20","modified_gmt":"2025-02-19T18:58:20","slug":"experiencia-spa-privado","status":"publish","type":"product","link":"https:\/\/hotelgametxo.com\/tienda\/tienda\/experiencias-gametxo\/experiencia-spa-privado\/","title":{"rendered":"Experiencia con spa privado | Una o dos noches"},"content":{"rendered":"<p>Vive esta competa experiencia de una noche de alojamiento en el tipo de habitaci\u00f3n que elijas y a\u00f1ade, si lo deseas, una noche extra en ese mismo tipo de habitaci\u00f3n con desayuno incluido.<\/p>\n<p>Los precios incluyen IVA, dise\u00f1o de la tarjeta regalo y env\u00edo por correo electr\u00f3nico en PDF a la direcci\u00f3n de correo electr\u00f3nico que elijas al hacer la compra en el siguiente paso.<\/p>\n<p>Todas las noches que selecciones\u00a0 incluye en el alojamiento en estas habitaciones y el desayuno para dos personas<\/p>\n","protected":false},"excerpt":{"rendered":"<p>Una escapada relax en Urdaibai para dos personas perfecta para desconectar de la rutina diaria con un acceso de una nuestro spa privado y que puedes dise\u00f1ar eligiendo el tipo de habitaci\u00f3n en el que disfrutarla con los desayunos incluidos.<\/p>\n<p><strong>Alojamiento en el tipo de habitaci\u00f3n que elijas para dos personas + desayunos + acceso al spa para dos personas<\/strong><\/p>\n<p><em>+ Esta experiencia ya incluye un acceso al spa pero, si lo deseas, puedes a\u00f1adir un acceso al spa extra\u00a0<\/em><\/p>\n","protected":false},"featured_media":116,"comment_status":"open","ping_status":"closed","template":"","meta":{"_et_pb_use_builder":"","_et_pb_old_content":"","_et_gb_content_width":""},"product_brand":[],"product_cat":[18],"product_tag":[],"class_list":{"0":"post-28","1":"product","2":"type-product","3":"status-publish","4":"has-post-thumbnail","6":"product_cat-experiencias-gametxo","8":"first","9":"instock","10":"shipping-taxable","11":"purchasable","12":"product-type-variable"},"_links":{"self":[{"href":"https:\/\/hotelgametxo.com\/tienda\/wp-json\/wp\/v2\/product\/28","targetHints":{"allow":["GET"]}}],"collection":[{"href":"https:\/\/hotelgametxo.com\/tienda\/wp-json\/wp\/v2\/product"}],"about":[{"href":"https:\/\/hotelgametxo.com\/tienda\/wp-json\/wp\/v2\/types\/product"}],"replies":[{"embeddable":true,"href":"https:\/\/hotelgametxo.com\/tienda\/wp-json\/wp\/v2\/comments?post=28"}],"wp:featuredmedia":[{"embeddable":true,"href":"https:\/\/hotelgametxo.com\/tienda\/wp-json\/wp\/v2\/media\/116"}],"wp:attachment":[{"href":"https:\/\/hotelgametxo.com\/tienda\/wp-json\/wp\/v2\/media?parent=28"}],"wp:term":[{"taxonomy":"product_brand","embeddable":true,"href":"https:\/\/hotelgametxo.com\/tienda\/wp-json\/wp\/v2\/product_brand?post=28"},{"taxonomy":"product_cat","embeddable":true,"href":"https:\/\/hotelgametxo.com\/tienda\/wp-json\/wp\/v2\/product_cat?post=28"},{"taxonomy":"product_tag","embeddable":true,"href":"https:\/\/hotelgametxo.com\/tienda\/wp-json\/wp\/v2\/product_tag?post=28"}],"curies":[{"name":"wp","href":"https:\/\/api.w.org\/{rel}","templated":true}]}}